{"id":122,"date":"2022-08-10T08:49:27","date_gmt":"2022-08-10T08:49:27","guid":{"rendered":"http:\/\/ywfgemi.cluster030.hosting.ovh.net\/?page_id=122"},"modified":"2022-08-10T08:54:36","modified_gmt":"2022-08-10T08:54:36","slug":"le-yoga","status":"publish","type":"page","link":"http:\/\/www.lesbabasyoga.be\/index.php\/le-yoga\/","title":{"rendered":"Le yoga"},"content":{"rendered":"<h4>On entend donc par Yoga l\u2019union du corps, du mental et de l\u2019esprit. La traduction du mot sanscrit \u00ab Yoga \u00bb signifie \u00ab jonction \u00bb, \u00ab union \u00bb, \u00ab lier \u00bb, \u00ab relier \u00bb.<br \/><br \/><br \/><\/h4>\n\n\n<p>Plus qu\u2019une simple activit\u00e9 physique parmi tant d\u2019autres, c\u2019est un mode de vie qui peut nous aider \u00e0 mener une existence \u00e9quilibr\u00e9e et saine.<br>Avec le temps, quiconque pratique avec constance devient conscient de changements subtils dans son approche de vie.<br>L\u2019essence du Yoga est la r\u00e9alisation de soi \u00e0 laquelle nous aspirons tous, consciemment ou inconsciemment. Trouver un \u00e9quilibre mental, d\u00e9couvrir notre nature v\u00e9ritable et se diriger vers la paix int\u00e9rieure.<br>Le Yoga est un cheminement vers l\u2019\u00e9panouissement personnel et la stabilit\u00e9 \u00e9motionnelle.<br>Cette pratique apaise les pens\u00e9es, affine la conscience et la perception. Elle am\u00e9liore la concentration et m\u00e8ne progressivement vers la m\u00e9ditation.<br>Le corps et le mental sont entrem\u00eal\u00e9s et interd\u00e9pendants: la perturbation de l\u2019un entra\u00eene la perturbation de l\u2019autre.<br><br>La pratique continue des asanas favorise l\u2019\u00e9quilibre entre ces deux p\u00f4les.<br>Le Yoga englobe chaque composante de l\u2019\u00eatre humain. Il apprend \u00e0 chacun \u00e0 \u00e9voluer dans l\u2019instant pr\u00e9sent et dans le contentement.<br><br>D\u2019un point de vue physiologique, la pratique des postures, les asanas, fortifie l\u2019ensemble du corps et apporte une sensation de bien-\u00eatre g\u00e9n\u00e9ral.<br>\u00ab Asanas \u00bb signifie trouver son \u00ab assise \u00bb, c\u2019est-\u00e0-dire sa stabilit\u00e9 et son repos, dans une posture donn\u00e9e.<br>Ces postures ont un effet b\u00e9n\u00e9fique sur tout l\u2019organisme.<br>Elles d\u00e9veloppent un corps fin, agile, puissant et en bonne sant\u00e9, embellissant la peau et les formes corporelles.<br>Elles renforcent l\u2019ossature, travaillent les muscles en douceurs, assouplissent les articulations et la colonne vert\u00e9brale, tonifient les organes internes.<br>Les postures peuvent stimuler, calmer, donner de l\u2019\u00e9nergie, apporter vitalit\u00e9 ou concentration, favoriser le sommeil, apaiser, etc\u2026<br>Elles agissent sur l\u2019ensemble des syst\u00e8mes physiologiques du corps tels que le syst\u00e8me digestif, d\u2019\u00e9limination, le syst\u00e8me respiratoire, le syst\u00e8me circulatoire, syst\u00e8me glandulaire, endocrinien, et le syst\u00e8me nerveux.<br>Les asanas se classent par familles de postures, agissant sur des zones sp\u00e9cifiques du corps.<br>La pratique requiert de la r\u00e9gularit\u00e9 pour en remarquer les b\u00e9n\u00e9fices et son efficacit\u00e9. Pratiquer le Yoga est une forme d\u2019engagement personnel, une autodiscipline impliquant curiosit\u00e9, pers\u00e9v\u00e9rance, ouverture, r\u00e9gularit\u00e9.<\/p>\n\n\n\n<p>Un des principes fondamental de cette pratique est de ne pas \u00eatre tendu vers le r\u00e9sultat. La pratique est une fin en soi qui n\u00e9cessite de laisser de c\u00f4t\u00e9 les notions de r\u00e9ussite et d\u2019\u00e9chec.<br>Tel est le chemin qui conduira \u00e0 l\u2019\u00e9quanimit\u00e9.<\/p>\n\n\n\n<p><br><br><br><\/p>\n\n\n<p><br \/><br \/><br \/><\/p>","protected":false},"excerpt":{"rendered":"<p>On entend donc par Yoga l\u2019union du corps, du mental et de l\u2019esprit. La traduction du mot sanscrit \u00ab Yoga \u00bb signifie \u00ab jonction \u00bb, \u00ab union \u00bb, \u00ab lier \u00bb, \u00ab relier \u00bb. Plus qu\u2019une simple activit\u00e9 physique parmi tant d\u2019autres, c\u2019est un mode de vie qui peut nous aider \u00e0 mener une existence [&hellip;]<\/p>\n","protected":false},"author":1,"featured_media":0,"parent":0,"menu_order":0,"comment_status":"closed","ping_status":"closed","template":"","meta":{"footnotes":""},"class_list":["post-122","page","type-page","status-publish","hentry"],"yoast_head":"<!-- This site is optimized with the Yoast SEO plugin v27.4 - https:\/\/yoast.com\/product\/yoast-seo-wordpress\/ -->\n<title>Le yoga - Les Babas Yoga<\/title>\n<meta name=\"robots\" content=\"index, follow, max-snippet:-1, max-image-preview:large, max-video-preview:-1\" \/>\n<link rel=\"canonical\" href=\"https:\/\/www.lesbabasyoga.be\/index.php\/le-yoga\/\" \/>\n<meta property=\"og:locale\" content=\"en_GB\" \/>\n<meta property=\"og:type\" content=\"article\" \/>\n<meta property=\"og:title\" content=\"Le yoga - Les Babas Yoga\" \/>\n<meta property=\"og:description\" content=\"On entend donc par Yoga l\u2019union du corps, du mental et de l\u2019esprit. La traduction du mot sanscrit \u00ab Yoga \u00bb signifie \u00ab jonction \u00bb, \u00ab union \u00bb, \u00ab lier \u00bb, \u00ab relier \u00bb. Plus qu\u2019une simple activit\u00e9 physique parmi tant d\u2019autres, c\u2019est un mode de vie qui peut nous aider \u00e0 mener une existence [&hellip;]\" \/>\n<meta property=\"og:url\" content=\"https:\/\/www.lesbabasyoga.be\/index.php\/le-yoga\/\" \/>\n<meta property=\"og:site_name\" content=\"Les Babas Yoga\" \/>\n<meta property=\"article:publisher\" content=\"https:\/\/www.facebook.com\/lesbabas\" \/>\n<meta property=\"article:modified_time\" content=\"2022-08-10T08:54:36+00:00\" \/>\n<meta name=\"twitter:card\" content=\"summary_large_image\" \/>\n<meta name=\"twitter:label1\" content=\"Estimated reading time\" \/>\n\t<meta name=\"twitter:data1\" content=\"2 minutes\" \/>\n<script type=\"application\/ld+json\" class=\"yoast-schema-graph\">{\"@context\":\"https:\\\/\\\/schema.org\",\"@graph\":[{\"@type\":\"WebPage\",\"@id\":\"https:\\\/\\\/www.lesbabasyoga.be\\\/index.php\\\/le-yoga\\\/\",\"url\":\"https:\\\/\\\/www.lesbabasyoga.be\\\/index.php\\\/le-yoga\\\/\",\"name\":\"Le yoga - Les Babas Yoga\",\"isPartOf\":{\"@id\":\"http:\\\/\\\/www.lesbabasyoga.be\\\/#website\"},\"datePublished\":\"2022-08-10T08:49:27+00:00\",\"dateModified\":\"2022-08-10T08:54:36+00:00\",\"breadcrumb\":{\"@id\":\"https:\\\/\\\/www.lesbabasyoga.be\\\/index.php\\\/le-yoga\\\/#breadcrumb\"},\"inLanguage\":\"en-GB\",\"potentialAction\":[{\"@type\":\"ReadAction\",\"target\":[\"https:\\\/\\\/www.lesbabasyoga.be\\\/index.php\\\/le-yoga\\\/\"]}]},{\"@type\":\"BreadcrumbList\",\"@id\":\"https:\\\/\\\/www.lesbabasyoga.be\\\/index.php\\\/le-yoga\\\/#breadcrumb\",\"itemListElement\":[{\"@type\":\"ListItem\",\"position\":1,\"name\":\"Home\",\"item\":\"http:\\\/\\\/www.lesbabasyoga.be\\\/\"},{\"@type\":\"ListItem\",\"position\":2,\"name\":\"Le yoga\"}]},{\"@type\":\"WebSite\",\"@id\":\"http:\\\/\\\/www.lesbabasyoga.be\\\/#website\",\"url\":\"http:\\\/\\\/www.lesbabasyoga.be\\\/\",\"name\":\"Les Babas Yoga\",\"description\":\"Convivial et professionnel\",\"publisher\":{\"@id\":\"http:\\\/\\\/www.lesbabasyoga.be\\\/#organization\"},\"potentialAction\":[{\"@type\":\"SearchAction\",\"target\":{\"@type\":\"EntryPoint\",\"urlTemplate\":\"http:\\\/\\\/www.lesbabasyoga.be\\\/?s={search_term_string}\"},\"query-input\":{\"@type\":\"PropertyValueSpecification\",\"valueRequired\":true,\"valueName\":\"search_term_string\"}}],\"inLanguage\":\"en-GB\"},{\"@type\":\"Organization\",\"@id\":\"http:\\\/\\\/www.lesbabasyoga.be\\\/#organization\",\"name\":\"Les Babas Yoga: Iyengar Yoga Center\",\"url\":\"http:\\\/\\\/www.lesbabasyoga.be\\\/\",\"logo\":{\"@type\":\"ImageObject\",\"inLanguage\":\"en-GB\",\"@id\":\"http:\\\/\\\/www.lesbabasyoga.be\\\/#\\\/schema\\\/logo\\\/image\\\/\",\"url\":\"http:\\\/\\\/www.lesbabasyoga.be\\\/wp-content\\\/uploads\\\/2022\\\/08\\\/cropped-babayoga.png\",\"contentUrl\":\"http:\\\/\\\/www.lesbabasyoga.be\\\/wp-content\\\/uploads\\\/2022\\\/08\\\/cropped-babayoga.png\",\"width\":515,\"height\":497,\"caption\":\"Les Babas Yoga: Iyengar Yoga Center\"},\"image\":{\"@id\":\"http:\\\/\\\/www.lesbabasyoga.be\\\/#\\\/schema\\\/logo\\\/image\\\/\"},\"sameAs\":[\"https:\\\/\\\/www.facebook.com\\\/lesbabas\"]}]}<\/script>\n<!-- \/ Yoast SEO plugin. -->","yoast_head_json":{"title":"Le yoga - Les Babas Yoga","robots":{"index":"index","follow":"follow","max-snippet":"max-snippet:-1","max-image-preview":"max-image-preview:large","max-video-preview":"max-video-preview:-1"},"canonical":"https:\/\/www.lesbabasyoga.be\/index.php\/le-yoga\/","og_locale":"en_GB","og_type":"article","og_title":"Le yoga - Les Babas Yoga","og_description":"On entend donc par Yoga l\u2019union du corps, du mental et de l\u2019esprit. La traduction du mot sanscrit \u00ab Yoga \u00bb signifie \u00ab jonction \u00bb, \u00ab union \u00bb, \u00ab lier \u00bb, \u00ab relier \u00bb. Plus qu\u2019une simple activit\u00e9 physique parmi tant d\u2019autres, c\u2019est un mode de vie qui peut nous aider \u00e0 mener une existence [&hellip;]","og_url":"https:\/\/www.lesbabasyoga.be\/index.php\/le-yoga\/","og_site_name":"Les Babas Yoga","article_publisher":"https:\/\/www.facebook.com\/lesbabas","article_modified_time":"2022-08-10T08:54:36+00:00","twitter_card":"summary_large_image","twitter_misc":{"Estimated reading time":"2 minutes"},"schema":{"@context":"https:\/\/schema.org","@graph":[{"@type":"WebPage","@id":"https:\/\/www.lesbabasyoga.be\/index.php\/le-yoga\/","url":"https:\/\/www.lesbabasyoga.be\/index.php\/le-yoga\/","name":"Le yoga - Les Babas Yoga","isPartOf":{"@id":"http:\/\/www.lesbabasyoga.be\/#website"},"datePublished":"2022-08-10T08:49:27+00:00","dateModified":"2022-08-10T08:54:36+00:00","breadcrumb":{"@id":"https:\/\/www.lesbabasyoga.be\/index.php\/le-yoga\/#breadcrumb"},"inLanguage":"en-GB","potentialAction":[{"@type":"ReadAction","target":["https:\/\/www.lesbabasyoga.be\/index.php\/le-yoga\/"]}]},{"@type":"BreadcrumbList","@id":"https:\/\/www.lesbabasyoga.be\/index.php\/le-yoga\/#breadcrumb","itemListElement":[{"@type":"ListItem","position":1,"name":"Home","item":"http:\/\/www.lesbabasyoga.be\/"},{"@type":"ListItem","position":2,"name":"Le yoga"}]},{"@type":"WebSite","@id":"http:\/\/www.lesbabasyoga.be\/#website","url":"http:\/\/www.lesbabasyoga.be\/","name":"Les Babas Yoga","description":"Convivial et professionnel","publisher":{"@id":"http:\/\/www.lesbabasyoga.be\/#organization"},"potentialAction":[{"@type":"SearchAction","target":{"@type":"EntryPoint","urlTemplate":"http:\/\/www.lesbabasyoga.be\/?s={search_term_string}"},"query-input":{"@type":"PropertyValueSpecification","valueRequired":true,"valueName":"search_term_string"}}],"inLanguage":"en-GB"},{"@type":"Organization","@id":"http:\/\/www.lesbabasyoga.be\/#organization","name":"Les Babas Yoga: Iyengar Yoga Center","url":"http:\/\/www.lesbabasyoga.be\/","logo":{"@type":"ImageObject","inLanguage":"en-GB","@id":"http:\/\/www.lesbabasyoga.be\/#\/schema\/logo\/image\/","url":"http:\/\/www.lesbabasyoga.be\/wp-content\/uploads\/2022\/08\/cropped-babayoga.png","contentUrl":"http:\/\/www.lesbabasyoga.be\/wp-content\/uploads\/2022\/08\/cropped-babayoga.png","width":515,"height":497,"caption":"Les Babas Yoga: Iyengar Yoga Center"},"image":{"@id":"http:\/\/www.lesbabasyoga.be\/#\/schema\/logo\/image\/"},"sameAs":["https:\/\/www.facebook.com\/lesbabas"]}]}},"jetpack_shortlink":"https:\/\/wp.me\/Petu5j-1Y","jetpack_sharing_enabled":true,"_links":{"self":[{"href":"http:\/\/www.lesbabasyoga.be\/index.php\/wp-json\/wp\/v2\/pages\/122","targetHints":{"allow":["GET"]}}],"collection":[{"href":"http:\/\/www.lesbabasyoga.be\/index.php\/wp-json\/wp\/v2\/pages"}],"about":[{"href":"http:\/\/www.lesbabasyoga.be\/index.php\/wp-json\/wp\/v2\/types\/page"}],"author":[{"embeddable":true,"href":"http:\/\/www.lesbabasyoga.be\/index.php\/wp-json\/wp\/v2\/users\/1"}],"replies":[{"embeddable":true,"href":"http:\/\/www.lesbabasyoga.be\/index.php\/wp-json\/wp\/v2\/comments?post=122"}],"version-history":[{"count":6,"href":"http:\/\/www.lesbabasyoga.be\/index.php\/wp-json\/wp\/v2\/pages\/122\/revisions"}],"predecessor-version":[{"id":130,"href":"http:\/\/www.lesbabasyoga.be\/index.php\/wp-json\/wp\/v2\/pages\/122\/revisions\/130"}],"wp:attachment":[{"href":"http:\/\/www.lesbabasyoga.be\/index.php\/wp-json\/wp\/v2\/media?parent=122"}],"curies":[{"name":"wp","href":"https:\/\/api.w.org\/{rel}","templated":true}]}}