{"id":16,"date":"2022-08-07T15:55:03","date_gmt":"2022-08-07T15:55:03","guid":{"rendered":"http:\/\/ywfgemi.cluster030.hosting.ovh.net\/?page_id=16"},"modified":"2022-08-10T09:03:06","modified_gmt":"2022-08-10T09:03:06","slug":"yoga","status":"publish","type":"page","link":"http:\/\/www.lesbabasyoga.be\/index.php\/yoga\/","title":{"rendered":"Yoga Iyengar"},"content":{"rendered":"\t\t<div data-elementor-type=\"wp-page\" data-elementor-id=\"16\" class=\"elementor elementor-16\">\n\t\t\t\t\t\t<section class=\"elementor-section elementor-top-section elementor-element elementor-element-7e364947 elementor-section-boxed elementor-section-height-default elementor-section-height-default\" data-id=\"7e364947\" data-element_type=\"section\">\n\t\t\t\t\t\t<div class=\"elementor-container elementor-column-gap-default\">\n\t\t\t\t\t<div class=\"elementor-column elementor-col-100 elementor-top-column elementor-element elementor-element-357005f9\" data-id=\"357005f9\" data-element_type=\"column\">\n\t\t\t<div class=\"elementor-widget-wrap elementor-element-populated\">\n\t\t\t\t\t\t<div class=\"elementor-element elementor-element-34552ba7 elementor-widget elementor-widget-text-editor\" data-id=\"34552ba7\" data-element_type=\"widget\" data-widget_type=\"text-editor.default\">\n\t\t\t\t<div class=\"elementor-widget-container\">\n\t\t\t<style>\/*! elementor - v3.23.0 - 05-08-2024 *\/\n.elementor-widget-text-editor.elementor-drop-cap-view-stacked .elementor-drop-cap{background-color:#69727d;color:#fff}.elementor-widget-text-editor.elementor-drop-cap-view-framed .elementor-drop-cap{color:#69727d;border:3px solid;background-color:transparent}.elementor-widget-text-editor:not(.elementor-drop-cap-view-default) .elementor-drop-cap{margin-top:8px}.elementor-widget-text-editor:not(.elementor-drop-cap-view-default) .elementor-drop-cap-letter{width:1em;height:1em}.elementor-widget-text-editor .elementor-drop-cap{float:left;text-align:center;line-height:1;font-size:50px}.elementor-widget-text-editor .elementor-drop-cap-letter{display:inline-block}<\/style>\t\t\t\t<!-- wp:paragraph {\"align\":\"right\"} -->\n<h1 class=\"has-text-align-right\">\u00ab\u00a0Se conna\u00eetre soi-m\u00eame c\u2019est s\u2019oublier. S\u2019oublier soi-m\u00eame, c\u2019est s\u2019ouvrir \u00e0 toutes choses\u00a0\u00bb William Blake<\/h1>\n<!-- \/wp:paragraph --><!-- wp:paragraph -->\n<h3><a href=\"http:\/\/ywfgemi.cluster030.hosting.ovh.net\/index.php\/le-yoga\/\"><strong>Le yoga<\/strong><\/a><br \/><a href=\"http:\/\/ywfgemi.cluster030.hosting.ovh.net\/index.php\/les-familles-de-postures\/\"><strong>Les familles de postures<\/strong><\/a><br \/><a href=\"http:\/\/ywfgemi.cluster030.hosting.ovh.net\/index.php\/le-yoga-iyengar\/\"><strong>Le yoga Iyengar<\/strong><\/a><\/h3>\n<!-- \/wp:paragraph --><!-- wp:media-text {\"mediaId\":46,\"mediaLink\":\"http:\/\/ywfgemi.cluster030.hosting.ovh.net\/index.php\/yoga\/bis_2\/\",\"mediaType\":\"image\"} -->\n<div class=\"wp-block-media-text alignwide is-stacked-on-mobile\">\n<figure class=\"wp-block-media-text__media\"><img fetchpriority=\"high\" decoding=\"async\" width=\"1024\" height=\"692\" class=\"wp-image-46 size-full\" src=\"http:\/\/ywfgemi.cluster030.hosting.ovh.net\/wp-content\/uploads\/2022\/08\/bis_2-1024x692.jpg\" alt=\"\" srcset=\"http:\/\/www.lesbabasyoga.be\/wp-content\/uploads\/2022\/08\/bis_2-1024x692.jpg 1024w, http:\/\/www.lesbabasyoga.be\/wp-content\/uploads\/2022\/08\/bis_2-300x203.jpg 300w, http:\/\/www.lesbabasyoga.be\/wp-content\/uploads\/2022\/08\/bis_2-768x519.jpg 768w, http:\/\/www.lesbabasyoga.be\/wp-content\/uploads\/2022\/08\/bis_2-1536x1038.jpg 1536w, http:\/\/www.lesbabasyoga.be\/wp-content\/uploads\/2022\/08\/bis_2.jpg 1818w\" sizes=\"(max-width: 1024px) 100vw, 1024px\" \/><\/figure>\n<div class=\"wp-block-media-text__content\"><!-- wp:paragraph {\"placeholder\":\"Content\u2026\",\"textColor\":\"vivid-cyan-blue\"} -->\n<p class=\"has-vivid-cyan-blue-color has-text-color\">\u00ab\u00a0Prends soin de ton corps pour que ton \u00e2me ait envie de l\u2019habiter.\u00a0\u00bb BKS Iyengar<\/p>\n<!-- \/wp:paragraph --><\/div>\n<\/div>\n<!-- \/wp:media-text --><!-- wp:paragraph {\"fontSize\":\"medium\"} -->\n<h5>\u00a0<\/h5>\n<h5><!-- \/wp:paragraph --><!-- wp:paragraph --><\/h5>\n<h4>\u00ab\u00a0L\u2019extension cr\u00e9e l\u2019espace, l\u2019espace cr\u00e9e la libert\u00e9, la libert\u00e9 est source de pr\u00e9cision\u00a0\u00bb BKS Iyengar<\/h4>\n<!-- \/wp:paragraph -->\t\t\t\t\t\t<\/div>\n\t\t\t\t<\/div>\n\t\t\t\t\t<\/div>\n\t\t<\/div>\n\t\t\t\t\t<\/div>\n\t\t<\/section>\n\t\t\t\t<\/div>\n\t\t","protected":false},"excerpt":{"rendered":"<p>\u00ab\u00a0Se conna\u00eetre soi-m\u00eame c\u2019est s\u2019oublier. S\u2019oublier soi-m\u00eame, c\u2019est s\u2019ouvrir \u00e0 toutes choses\u00a0\u00bb William Blake Le yogaLes familles de posturesLe yoga Iyengar \u00ab\u00a0Prends soin de ton corps pour que ton \u00e2me ait envie de l\u2019habiter.\u00a0\u00bb BKS Iyengar \u00a0 \u00ab\u00a0L\u2019extension cr\u00e9e l\u2019espace, l\u2019espace cr\u00e9e la libert\u00e9, la libert\u00e9 est source de pr\u00e9cision\u00a0\u00bb BKS Iyengar<\/p>\n","protected":false},"author":1,"featured_media":0,"parent":0,"menu_order":0,"comment_status":"closed","ping_status":"closed","template":"","meta":{"footnotes":""},"class_list":["post-16","page","type-page","status-publish","hentry"],"yoast_head":"<!-- This site is optimized with the Yoast SEO plugin v27.4 - https:\/\/yoast.com\/product\/yoast-seo-wordpress\/ -->\n<title>Yoga Iyengar - Les Babas Yoga<\/title>\n<meta name=\"robots\" content=\"index, follow, max-snippet:-1, max-image-preview:large, max-video-preview:-1\" \/>\n<link rel=\"canonical\" href=\"https:\/\/www.lesbabasyoga.be\/index.php\/yoga\/\" \/>\n<meta property=\"og:locale\" content=\"en_GB\" \/>\n<meta property=\"og:type\" content=\"article\" \/>\n<meta property=\"og:title\" content=\"Yoga Iyengar - Les Babas Yoga\" \/>\n<meta property=\"og:description\" content=\"\u00ab\u00a0Se conna\u00eetre soi-m\u00eame c\u2019est s\u2019oublier. S\u2019oublier soi-m\u00eame, c\u2019est s\u2019ouvrir \u00e0 toutes choses\u00a0\u00bb William Blake Le yogaLes familles de posturesLe yoga Iyengar \u00ab\u00a0Prends soin de ton corps pour que ton \u00e2me ait envie de l\u2019habiter.\u00a0\u00bb BKS Iyengar \u00a0 \u00ab\u00a0L\u2019extension cr\u00e9e l\u2019espace, l\u2019espace cr\u00e9e la libert\u00e9, la libert\u00e9 est source de pr\u00e9cision\u00a0\u00bb BKS Iyengar\" \/>\n<meta property=\"og:url\" content=\"https:\/\/www.lesbabasyoga.be\/index.php\/yoga\/\" \/>\n<meta property=\"og:site_name\" content=\"Les Babas Yoga\" \/>\n<meta property=\"article:publisher\" content=\"https:\/\/www.facebook.com\/lesbabas\" \/>\n<meta property=\"article:modified_time\" content=\"2022-08-10T09:03:06+00:00\" \/>\n<meta property=\"og:image\" content=\"http:\/\/ywfgemi.cluster030.hosting.ovh.net\/wp-content\/uploads\/2022\/08\/bis_2-1024x692.jpg\" \/>\n<meta name=\"twitter:card\" content=\"summary_large_image\" \/>\n<script type=\"application\/ld+json\" class=\"yoast-schema-graph\">{\"@context\":\"https:\\\/\\\/schema.org\",\"@graph\":[{\"@type\":\"WebPage\",\"@id\":\"https:\\\/\\\/www.lesbabasyoga.be\\\/index.php\\\/yoga\\\/\",\"url\":\"https:\\\/\\\/www.lesbabasyoga.be\\\/index.php\\\/yoga\\\/\",\"name\":\"Yoga Iyengar - Les Babas Yoga\",\"isPartOf\":{\"@id\":\"http:\\\/\\\/www.lesbabasyoga.be\\\/#website\"},\"primaryImageOfPage\":{\"@id\":\"https:\\\/\\\/www.lesbabasyoga.be\\\/index.php\\\/yoga\\\/#primaryimage\"},\"image\":{\"@id\":\"https:\\\/\\\/www.lesbabasyoga.be\\\/index.php\\\/yoga\\\/#primaryimage\"},\"thumbnailUrl\":\"http:\\\/\\\/ywfgemi.cluster030.hosting.ovh.net\\\/wp-content\\\/uploads\\\/2022\\\/08\\\/bis_2-1024x692.jpg\",\"datePublished\":\"2022-08-07T15:55:03+00:00\",\"dateModified\":\"2022-08-10T09:03:06+00:00\",\"breadcrumb\":{\"@id\":\"https:\\\/\\\/www.lesbabasyoga.be\\\/index.php\\\/yoga\\\/#breadcrumb\"},\"inLanguage\":\"en-GB\",\"potentialAction\":[{\"@type\":\"ReadAction\",\"target\":[\"https:\\\/\\\/www.lesbabasyoga.be\\\/index.php\\\/yoga\\\/\"]}]},{\"@type\":\"ImageObject\",\"inLanguage\":\"en-GB\",\"@id\":\"https:\\\/\\\/www.lesbabasyoga.be\\\/index.php\\\/yoga\\\/#primaryimage\",\"url\":\"http:\\\/\\\/ywfgemi.cluster030.hosting.ovh.net\\\/wp-content\\\/uploads\\\/2022\\\/08\\\/bis_2-1024x692.jpg\",\"contentUrl\":\"http:\\\/\\\/ywfgemi.cluster030.hosting.ovh.net\\\/wp-content\\\/uploads\\\/2022\\\/08\\\/bis_2-1024x692.jpg\"},{\"@type\":\"BreadcrumbList\",\"@id\":\"https:\\\/\\\/www.lesbabasyoga.be\\\/index.php\\\/yoga\\\/#breadcrumb\",\"itemListElement\":[{\"@type\":\"ListItem\",\"position\":1,\"name\":\"Home\",\"item\":\"http:\\\/\\\/www.lesbabasyoga.be\\\/\"},{\"@type\":\"ListItem\",\"position\":2,\"name\":\"Yoga Iyengar\"}]},{\"@type\":\"WebSite\",\"@id\":\"http:\\\/\\\/www.lesbabasyoga.be\\\/#website\",\"url\":\"http:\\\/\\\/www.lesbabasyoga.be\\\/\",\"name\":\"Les Babas Yoga\",\"description\":\"Convivial et professionnel\",\"publisher\":{\"@id\":\"http:\\\/\\\/www.lesbabasyoga.be\\\/#organization\"},\"potentialAction\":[{\"@type\":\"SearchAction\",\"target\":{\"@type\":\"EntryPoint\",\"urlTemplate\":\"http:\\\/\\\/www.lesbabasyoga.be\\\/?s={search_term_string}\"},\"query-input\":{\"@type\":\"PropertyValueSpecification\",\"valueRequired\":true,\"valueName\":\"search_term_string\"}}],\"inLanguage\":\"en-GB\"},{\"@type\":\"Organization\",\"@id\":\"http:\\\/\\\/www.lesbabasyoga.be\\\/#organization\",\"name\":\"Les Babas Yoga: Iyengar Yoga Center\",\"url\":\"http:\\\/\\\/www.lesbabasyoga.be\\\/\",\"logo\":{\"@type\":\"ImageObject\",\"inLanguage\":\"en-GB\",\"@id\":\"http:\\\/\\\/www.lesbabasyoga.be\\\/#\\\/schema\\\/logo\\\/image\\\/\",\"url\":\"http:\\\/\\\/www.lesbabasyoga.be\\\/wp-content\\\/uploads\\\/2022\\\/08\\\/cropped-babayoga.png\",\"contentUrl\":\"http:\\\/\\\/www.lesbabasyoga.be\\\/wp-content\\\/uploads\\\/2022\\\/08\\\/cropped-babayoga.png\",\"width\":515,\"height\":497,\"caption\":\"Les Babas Yoga: Iyengar Yoga Center\"},\"image\":{\"@id\":\"http:\\\/\\\/www.lesbabasyoga.be\\\/#\\\/schema\\\/logo\\\/image\\\/\"},\"sameAs\":[\"https:\\\/\\\/www.facebook.com\\\/lesbabas\"]}]}<\/script>\n<!-- \/ Yoast SEO plugin. -->","yoast_head_json":{"title":"Yoga Iyengar - Les Babas Yoga","robots":{"index":"index","follow":"follow","max-snippet":"max-snippet:-1","max-image-preview":"max-image-preview:large","max-video-preview":"max-video-preview:-1"},"canonical":"https:\/\/www.lesbabasyoga.be\/index.php\/yoga\/","og_locale":"en_GB","og_type":"article","og_title":"Yoga Iyengar - Les Babas Yoga","og_description":"\u00ab\u00a0Se conna\u00eetre soi-m\u00eame c\u2019est s\u2019oublier. S\u2019oublier soi-m\u00eame, c\u2019est s\u2019ouvrir \u00e0 toutes choses\u00a0\u00bb William Blake Le yogaLes familles de posturesLe yoga Iyengar \u00ab\u00a0Prends soin de ton corps pour que ton \u00e2me ait envie de l\u2019habiter.\u00a0\u00bb BKS Iyengar \u00a0 \u00ab\u00a0L\u2019extension cr\u00e9e l\u2019espace, l\u2019espace cr\u00e9e la libert\u00e9, la libert\u00e9 est source de pr\u00e9cision\u00a0\u00bb BKS Iyengar","og_url":"https:\/\/www.lesbabasyoga.be\/index.php\/yoga\/","og_site_name":"Les Babas Yoga","article_publisher":"https:\/\/www.facebook.com\/lesbabas","article_modified_time":"2022-08-10T09:03:06+00:00","og_image":[{"url":"http:\/\/ywfgemi.cluster030.hosting.ovh.net\/wp-content\/uploads\/2022\/08\/bis_2-1024x692.jpg","type":"","width":"","height":""}],"twitter_card":"summary_large_image","schema":{"@context":"https:\/\/schema.org","@graph":[{"@type":"WebPage","@id":"https:\/\/www.lesbabasyoga.be\/index.php\/yoga\/","url":"https:\/\/www.lesbabasyoga.be\/index.php\/yoga\/","name":"Yoga Iyengar - Les Babas Yoga","isPartOf":{"@id":"http:\/\/www.lesbabasyoga.be\/#website"},"primaryImageOfPage":{"@id":"https:\/\/www.lesbabasyoga.be\/index.php\/yoga\/#primaryimage"},"image":{"@id":"https:\/\/www.lesbabasyoga.be\/index.php\/yoga\/#primaryimage"},"thumbnailUrl":"http:\/\/ywfgemi.cluster030.hosting.ovh.net\/wp-content\/uploads\/2022\/08\/bis_2-1024x692.jpg","datePublished":"2022-08-07T15:55:03+00:00","dateModified":"2022-08-10T09:03:06+00:00","breadcrumb":{"@id":"https:\/\/www.lesbabasyoga.be\/index.php\/yoga\/#breadcrumb"},"inLanguage":"en-GB","potentialAction":[{"@type":"ReadAction","target":["https:\/\/www.lesbabasyoga.be\/index.php\/yoga\/"]}]},{"@type":"ImageObject","inLanguage":"en-GB","@id":"https:\/\/www.lesbabasyoga.be\/index.php\/yoga\/#primaryimage","url":"http:\/\/ywfgemi.cluster030.hosting.ovh.net\/wp-content\/uploads\/2022\/08\/bis_2-1024x692.jpg","contentUrl":"http:\/\/ywfgemi.cluster030.hosting.ovh.net\/wp-content\/uploads\/2022\/08\/bis_2-1024x692.jpg"},{"@type":"BreadcrumbList","@id":"https:\/\/www.lesbabasyoga.be\/index.php\/yoga\/#breadcrumb","itemListElement":[{"@type":"ListItem","position":1,"name":"Home","item":"http:\/\/www.lesbabasyoga.be\/"},{"@type":"ListItem","position":2,"name":"Yoga Iyengar"}]},{"@type":"WebSite","@id":"http:\/\/www.lesbabasyoga.be\/#website","url":"http:\/\/www.lesbabasyoga.be\/","name":"Les Babas Yoga","description":"Convivial et professionnel","publisher":{"@id":"http:\/\/www.lesbabasyoga.be\/#organization"},"potentialAction":[{"@type":"SearchAction","target":{"@type":"EntryPoint","urlTemplate":"http:\/\/www.lesbabasyoga.be\/?s={search_term_string}"},"query-input":{"@type":"PropertyValueSpecification","valueRequired":true,"valueName":"search_term_string"}}],"inLanguage":"en-GB"},{"@type":"Organization","@id":"http:\/\/www.lesbabasyoga.be\/#organization","name":"Les Babas Yoga: Iyengar Yoga Center","url":"http:\/\/www.lesbabasyoga.be\/","logo":{"@type":"ImageObject","inLanguage":"en-GB","@id":"http:\/\/www.lesbabasyoga.be\/#\/schema\/logo\/image\/","url":"http:\/\/www.lesbabasyoga.be\/wp-content\/uploads\/2022\/08\/cropped-babayoga.png","contentUrl":"http:\/\/www.lesbabasyoga.be\/wp-content\/uploads\/2022\/08\/cropped-babayoga.png","width":515,"height":497,"caption":"Les Babas Yoga: Iyengar Yoga Center"},"image":{"@id":"http:\/\/www.lesbabasyoga.be\/#\/schema\/logo\/image\/"},"sameAs":["https:\/\/www.facebook.com\/lesbabas"]}]}},"jetpack_shortlink":"https:\/\/wp.me\/Petu5j-g","jetpack_sharing_enabled":true,"_links":{"self":[{"href":"http:\/\/www.lesbabasyoga.be\/index.php\/wp-json\/wp\/v2\/pages\/16","targetHints":{"allow":["GET"]}}],"collection":[{"href":"http:\/\/www.lesbabasyoga.be\/index.php\/wp-json\/wp\/v2\/pages"}],"about":[{"href":"http:\/\/www.lesbabasyoga.be\/index.php\/wp-json\/wp\/v2\/types\/page"}],"author":[{"embeddable":true,"href":"http:\/\/www.lesbabasyoga.be\/index.php\/wp-json\/wp\/v2\/users\/1"}],"replies":[{"embeddable":true,"href":"http:\/\/www.lesbabasyoga.be\/index.php\/wp-json\/wp\/v2\/comments?post=16"}],"version-history":[{"count":14,"href":"http:\/\/www.lesbabasyoga.be\/index.php\/wp-json\/wp\/v2\/pages\/16\/revisions"}],"predecessor-version":[{"id":140,"href":"http:\/\/www.lesbabasyoga.be\/index.php\/wp-json\/wp\/v2\/pages\/16\/revisions\/140"}],"wp:attachment":[{"href":"http:\/\/www.lesbabasyoga.be\/index.php\/wp-json\/wp\/v2\/media?parent=16"}],"curies":[{"name":"wp","href":"https:\/\/api.w.org\/{rel}","templated":true}]}}