{"id":18,"date":"2022-08-07T15:55:03","date_gmt":"2022-08-07T15:55:03","guid":{"rendered":"http:\/\/ywfgemi.cluster030.hosting.ovh.net\/?page_id=18"},"modified":"2025-11-26T15:25:35","modified_gmt":"2025-11-26T15:25:35","slug":"horaires-et-tarifs","status":"publish","type":"page","link":"http:\/\/www.lesbabasyoga.be\/index.php\/horaires-et-tarifs\/","title":{"rendered":"Horaires et tarifs"},"content":{"rendered":"\t\t<div data-elementor-type=\"wp-page\" data-elementor-id=\"18\" class=\"elementor elementor-18\">\n\t\t\t\t\t\t<section class=\"elementor-section elementor-top-section elementor-element elementor-element-67fbb83d elementor-section-boxed elementor-section-height-default elementor-section-height-default\" data-id=\"67fbb83d\" data-element_type=\"section\">\n\t\t\t\t\t\t<div class=\"elementor-container elementor-column-gap-default\">\n\t\t\t\t\t<div class=\"elementor-column elementor-col-100 elementor-top-column elementor-element elementor-element-45853ecb\" data-id=\"45853ecb\" data-element_type=\"column\">\n\t\t\t<div class=\"elementor-widget-wrap elementor-element-populated\">\n\t\t\t\t\t\t<div class=\"elementor-element elementor-element-2e332052 elementor-widget elementor-widget-text-editor\" data-id=\"2e332052\" data-element_type=\"widget\" data-widget_type=\"text-editor.default\">\n\t\t\t\t<div class=\"elementor-widget-container\">\n\t\t\t<style>\/*! elementor - v3.23.0 - 05-08-2024 *\/\n.elementor-widget-text-editor.elementor-drop-cap-view-stacked .elementor-drop-cap{background-color:#69727d;color:#fff}.elementor-widget-text-editor.elementor-drop-cap-view-framed .elementor-drop-cap{color:#69727d;border:3px solid;background-color:transparent}.elementor-widget-text-editor:not(.elementor-drop-cap-view-default) .elementor-drop-cap{margin-top:8px}.elementor-widget-text-editor:not(.elementor-drop-cap-view-default) .elementor-drop-cap-letter{width:1em;height:1em}.elementor-widget-text-editor .elementor-drop-cap{float:left;text-align:center;line-height:1;font-size:50px}.elementor-widget-text-editor .elementor-drop-cap-letter{display:inline-block}<\/style>\t\t\t\t<h2>Voici la grille horaire 2025-2026:<\/h2>\n<div>\n<div>\n<p><!-- \/wp:paragraph --><\/p>\n<\/div>\n<\/div>\n<p><!-- \/wp:media-text --><\/p>\t\t\t\t\t\t<\/div>\n\t\t\t\t<\/div>\n\t\t\t\t<div class=\"elementor-element elementor-element-83d6ec3 elementor-widget elementor-widget-text-editor\" data-id=\"83d6ec3\" data-element_type=\"widget\" data-widget_type=\"text-editor.default\">\n\t\t\t\t<div class=\"elementor-widget-container\">\n\t\t\t\t\t\t\t<p>Nous voil\u00e0 repartis pour une nouvelle ann\u00e9e de rencontres. Toute l&#8217;\u00e9quipe est plus motiv\u00e9e que jamais \u00e0 d\u00e9velopper une pratique adapt\u00e9e \u00e0 chacun et chacune. Pour tenir compte du feed-back re\u00e7u, nous avons adapt\u00e9 l\u00e9g\u00e8rement les niveaux.<\/p>\t\t\t\t\t\t<\/div>\n\t\t\t\t<\/div>\n\t\t\t\t<div class=\"elementor-element elementor-element-c8971b6 elementor-widget elementor-widget-image\" data-id=\"c8971b6\" data-element_type=\"widget\" data-widget_type=\"image.default\">\n\t\t\t\t<div class=\"elementor-widget-container\">\n\t\t\t<style>\/*! elementor - v3.23.0 - 05-08-2024 *\/\n.elementor-widget-image{text-align:center}.elementor-widget-image a{display:inline-block}.elementor-widget-image a img[src$=\".svg\"]{width:48px}.elementor-widget-image img{vertical-align:middle;display:inline-block}<\/style>\t\t\t\t\t\t\t\t\t\t<img fetchpriority=\"high\" decoding=\"async\" width=\"735\" height=\"437\" src=\"http:\/\/www.lesbabasyoga.be\/wp-content\/uploads\/2024\/09\/grille-2024-sans-noms.png\" class=\"attachment-large size-large wp-image-560\" alt=\"\" srcset=\"http:\/\/www.lesbabasyoga.be\/wp-content\/uploads\/2024\/09\/grille-2024-sans-noms.png 735w, http:\/\/www.lesbabasyoga.be\/wp-content\/uploads\/2024\/09\/grille-2024-sans-noms-300x178.png 300w\" sizes=\"(max-width: 735px) 100vw, 735px\" \/>\t\t\t\t\t\t\t\t\t\t\t\t\t<\/div>\n\t\t\t\t<\/div>\n\t\t\t\t<div class=\"elementor-element elementor-element-63efe77 elementor-widget elementor-widget-text-editor\" data-id=\"63efe77\" data-element_type=\"widget\" data-widget_type=\"text-editor.default\">\n\t\t\t\t<div class=\"elementor-widget-container\">\n\t\t\t\t\t\t\t<p>Afin de d\u00e9velopper une offre adapt\u00e9e \u00e0 chacun, nous avons diversifi\u00e9 les niveaux propos\u00e9s pour ces cours. Privil\u00e9giez donc l&#8217;horaire qui correspond \u00e0 votre niveau.<\/p>\n<p><!-- \/wp:paragraph --><\/p>\n<p><!-- wp:image {\"id\":163,\"sizeSlug\":\"full\",\"linkDestination\":\"none\"} --><\/p>\n<figure><\/figure>\n<p><!-- \/wp:image --><\/p>\n<p><!-- wp:paragraph --><\/p>\n<p>Consultez<a href=\"http:\/\/www.lesbabasyoga.be\/index.php\/quel-cours\/\"> cette page<\/a> pour mieux comprendre \u00e0 quoi correspond chaque niveau.<\/p>\n<p>Plusieurs<strong>\u00a0intensifs<\/strong> (10-13h) sont aussi organis\u00e9s- en g\u00e9n\u00e9ral le Dimanche.<span style=\"font-family: var( --e-global-typography-text-font-family ), Sans-serif; font-weight: var( --e-global-typography-text-font-weight );\">\u00a0<\/span><span style=\"font-family: var( --e-global-typography-text-font-family ), Sans-serif; font-weight: var( --e-global-typography-text-font-weight );\">\u00a0le prochain aura lieu pendant la p\u00e9riode de No\u00ebl <\/span><span style=\"font-family: var( --e-global-typography-text-font-family ), Sans-serif;\"><b>les samedi 27 et Dimanche 28 D\u00e9cembre<\/b><\/span><span style=\"font-family: var( --e-global-typography-text-font-family ), Sans-serif; font-weight: var( --e-global-typography-text-font-weight );\">. Le tarif est de 45\u20ac\/session avec un maximum de 10 \u00e9l\u00e8ves.<\/span>\u00a0 L&#8217;intensif est confirm\u00e9 \u00e0 partir de 4 \u00e9l\u00e8ves inscrits. Vous pouvez vous inscrire <a href=\"https:\/\/doodle.com\/group-poll\/participate\/b4K7rG2a\"><strong>ICI.<\/strong><\/a><\/p>\n<div>\n<div>\n<p><!-- \/wp:paragraph --><\/p>\n<\/div>\n<\/div>\n<p><!-- \/wp:media-text --><\/p>\t\t\t\t\t\t<\/div>\n\t\t\t\t<\/div>\n\t\t\t\t\t<\/div>\n\t\t<\/div>\n\t\t\t\t\t<\/div>\n\t\t<\/section>\n\t\t\t\t<section class=\"elementor-section elementor-top-section elementor-element elementor-element-aea5faf elementor-section-boxed elementor-section-height-default elementor-section-height-default\" data-id=\"aea5faf\" data-element_type=\"section\">\n\t\t\t\t\t\t<div class=\"elementor-container elementor-column-gap-default\">\n\t\t\t\t\t<div class=\"elementor-column elementor-col-66 elementor-top-column elementor-element elementor-element-5fb7885\" data-id=\"5fb7885\" data-element_type=\"column\">\n\t\t\t<div class=\"elementor-widget-wrap elementor-element-populated\">\n\t\t\t\t\t\t<div class=\"elementor-element elementor-element-1a76b6b elementor-widget elementor-widget-image\" data-id=\"1a76b6b\" data-element_type=\"widget\" data-widget_type=\"image.default\">\n\t\t\t\t<div class=\"elementor-widget-container\">\n\t\t\t\t\t\t\t\t\t\t\t\t\t<img decoding=\"async\" width=\"1024\" height=\"768\" src=\"http:\/\/www.lesbabasyoga.be\/wp-content\/uploads\/2024\/09\/PHOTO-2024-09-04-23-30-54-1024x768.jpg\" class=\"attachment-large size-large wp-image-587\" alt=\"\" srcset=\"http:\/\/www.lesbabasyoga.be\/wp-content\/uploads\/2024\/09\/PHOTO-2024-09-04-23-30-54-1024x768.jpg 1024w, http:\/\/www.lesbabasyoga.be\/wp-content\/uploads\/2024\/09\/PHOTO-2024-09-04-23-30-54-300x225.jpg 300w, http:\/\/www.lesbabasyoga.be\/wp-content\/uploads\/2024\/09\/PHOTO-2024-09-04-23-30-54-768x576.jpg 768w, http:\/\/www.lesbabasyoga.be\/wp-content\/uploads\/2024\/09\/PHOTO-2024-09-04-23-30-54-1536x1152.jpg 1536w, http:\/\/www.lesbabasyoga.be\/wp-content\/uploads\/2024\/09\/PHOTO-2024-09-04-23-30-54.jpg 1600w\" sizes=\"(max-width: 1024px) 100vw, 1024px\" \/>\t\t\t\t\t\t\t\t\t\t\t\t\t<\/div>\n\t\t\t\t<\/div>\n\t\t\t\t\t<\/div>\n\t\t<\/div>\n\t\t\t\t<div class=\"elementor-column elementor-col-33 elementor-top-column elementor-element elementor-element-fbda142\" data-id=\"fbda142\" data-element_type=\"column\">\n\t\t\t<div class=\"elementor-widget-wrap elementor-element-populated\">\n\t\t\t\t\t\t<div class=\"elementor-element elementor-element-48e63b2 elementor-widget elementor-widget-text-editor\" data-id=\"48e63b2\" data-element_type=\"widget\" data-widget_type=\"text-editor.default\">\n\t\t\t\t<div class=\"elementor-widget-container\">\n\t\t\t\t\t\t\t<h3>&nbsp; &nbsp; &nbsp; &nbsp; <b><u>TARIF<\/u><\/b><\/h3>\n<h3>10 s\u00e9ances:<b> 140 \u20ac: v<\/b>alable 3 mois (hors vacances)<\/h3>\n<h3>Tarif r\u00e9duit \u00e9tudiants ch\u00f4meurs: <b>120 \u20ac<\/b><\/h3>\n<h3>1 s\u00e9ance: <b>16 \u20ac<\/b><\/h3>\n<p style=\"color: #222222; font-family: Arial, Helvetica, sans-serif; font-size: small;\">\n<\/p><p style=\"color: #222222; font-family: Arial, Helvetica, sans-serif; font-size: small;\">\n<\/p>\t\t\t\t\t\t<\/div>\n\t\t\t\t<\/div>\n\t\t\t\t\t<\/div>\n\t\t<\/div>\n\t\t\t\t\t<\/div>\n\t\t<\/section>\n\t\t\t\t<section class=\"elementor-section elementor-top-section elementor-element elementor-element-0c79fcb elementor-section-boxed elementor-section-height-default elementor-section-height-default\" data-id=\"0c79fcb\" data-element_type=\"section\">\n\t\t\t\t\t\t<div class=\"elementor-container elementor-column-gap-default\">\n\t\t\t\t\t<div class=\"elementor-column elementor-col-50 elementor-top-column elementor-element elementor-element-abc10ab\" data-id=\"abc10ab\" data-element_type=\"column\">\n\t\t\t<div class=\"elementor-widget-wrap elementor-element-populated\">\n\t\t\t\t\t\t<div class=\"elementor-element elementor-element-3c3f8df elementor-widget elementor-widget-image\" data-id=\"3c3f8df\" data-element_type=\"widget\" data-widget_type=\"image.default\">\n\t\t\t\t<div class=\"elementor-widget-container\">\n\t\t\t\t\t\t\t\t\t\t\t\t\t<img decoding=\"async\" width=\"1024\" height=\"768\" src=\"http:\/\/www.lesbabasyoga.be\/wp-content\/uploads\/2023\/01\/autel-1024x768.jpg\" class=\"attachment-large size-large wp-image-329\" alt=\"\" srcset=\"http:\/\/www.lesbabasyoga.be\/wp-content\/uploads\/2023\/01\/autel-1024x768.jpg 1024w, http:\/\/www.lesbabasyoga.be\/wp-content\/uploads\/2023\/01\/autel-300x225.jpg 300w, http:\/\/www.lesbabasyoga.be\/wp-content\/uploads\/2023\/01\/autel-768x576.jpg 768w, http:\/\/www.lesbabasyoga.be\/wp-content\/uploads\/2023\/01\/autel-1536x1152.jpg 1536w, http:\/\/www.lesbabasyoga.be\/wp-content\/uploads\/2023\/01\/autel.jpg 2048w\" sizes=\"(max-width: 1024px) 100vw, 1024px\" \/>\t\t\t\t\t\t\t\t\t\t\t\t\t<\/div>\n\t\t\t\t<\/div>\n\t\t\t\t\t<\/div>\n\t\t<\/div>\n\t\t\t\t<div class=\"elementor-column elementor-col-50 elementor-top-column elementor-element elementor-element-c30112c\" data-id=\"c30112c\" data-element_type=\"column\">\n\t\t\t<div class=\"elementor-widget-wrap elementor-element-populated\">\n\t\t\t\t\t\t<div class=\"elementor-element elementor-element-b0f63a6 elementor-widget elementor-widget-image\" data-id=\"b0f63a6\" data-element_type=\"widget\" data-widget_type=\"image.default\">\n\t\t\t\t<div class=\"elementor-widget-container\">\n\t\t\t\t\t\t\t\t\t\t\t\t\t<img loading=\"lazy\" decoding=\"async\" width=\"1024\" height=\"768\" src=\"http:\/\/www.lesbabasyoga.be\/wp-content\/uploads\/2023\/01\/materiel-1024x768.jpg\" class=\"attachment-large size-large wp-image-331\" alt=\"\" srcset=\"http:\/\/www.lesbabasyoga.be\/wp-content\/uploads\/2023\/01\/materiel-1024x768.jpg 1024w, http:\/\/www.lesbabasyoga.be\/wp-content\/uploads\/2023\/01\/materiel-300x225.jpg 300w, http:\/\/www.lesbabasyoga.be\/wp-content\/uploads\/2023\/01\/materiel-768x576.jpg 768w, http:\/\/www.lesbabasyoga.be\/wp-content\/uploads\/2023\/01\/materiel-1536x1152.jpg 1536w, http:\/\/www.lesbabasyoga.be\/wp-content\/uploads\/2023\/01\/materiel.jpg 2048w\" sizes=\"(max-width: 1024px) 100vw, 1024px\" \/>\t\t\t\t\t\t\t\t\t\t\t\t\t<\/div>\n\t\t\t\t<\/div>\n\t\t\t\t\t<\/div>\n\t\t<\/div>\n\t\t\t\t\t<\/div>\n\t\t<\/section>\n\t\t\t\t<\/div>\n\t\t","protected":false},"excerpt":{"rendered":"<p>Voici la grille horaire 2025-2026: Nous voil\u00e0 repartis pour une nouvelle ann\u00e9e de rencontres. Toute l&#8217;\u00e9quipe est plus motiv\u00e9e que jamais \u00e0 d\u00e9velopper une pratique adapt\u00e9e \u00e0 chacun et chacune. Pour tenir compte du feed-back re\u00e7u, nous avons adapt\u00e9 l\u00e9g\u00e8rement les niveaux. Afin de d\u00e9velopper une offre adapt\u00e9e \u00e0 chacun, nous avons diversifi\u00e9 les niveaux [&hellip;]<\/p>\n","protected":false},"author":1,"featured_media":85,"parent":0,"menu_order":0,"comment_status":"closed","ping_status":"closed","template":"","meta":{"footnotes":""},"class_list":["post-18","page","type-page","status-publish","has-post-thumbnail","hentry"],"yoast_head":"<!-- This site is optimized with the Yoast SEO plugin v27.4 - https:\/\/yoast.com\/product\/yoast-seo-wordpress\/ -->\n<title>Horaires et tarifs - Les Babas Yoga<\/title>\n<meta name=\"robots\" content=\"index, follow, max-snippet:-1, max-image-preview:large, max-video-preview:-1\" \/>\n<link rel=\"canonical\" href=\"http:\/\/www.lesbabasyoga.be\/index.php\/horaires-et-tarifs\/\" \/>\n<meta property=\"og:locale\" content=\"en_GB\" \/>\n<meta property=\"og:type\" content=\"article\" \/>\n<meta property=\"og:title\" content=\"Horaires et tarifs - Les Babas Yoga\" \/>\n<meta property=\"og:description\" content=\"Voici la grille horaire 2025-2026: Nous voil\u00e0 repartis pour une nouvelle ann\u00e9e de rencontres. Toute l&#8217;\u00e9quipe est plus motiv\u00e9e que jamais \u00e0 d\u00e9velopper une pratique adapt\u00e9e \u00e0 chacun et chacune. Pour tenir compte du feed-back re\u00e7u, nous avons adapt\u00e9 l\u00e9g\u00e8rement les niveaux. Afin de d\u00e9velopper une offre adapt\u00e9e \u00e0 chacun, nous avons diversifi\u00e9 les niveaux [&hellip;]\" \/>\n<meta property=\"og:url\" content=\"http:\/\/www.lesbabasyoga.be\/index.php\/horaires-et-tarifs\/\" \/>\n<meta property=\"og:site_name\" content=\"Les Babas Yoga\" \/>\n<meta property=\"article:publisher\" content=\"https:\/\/www.facebook.com\/lesbabas\" \/>\n<meta property=\"article:modified_time\" content=\"2025-11-26T15:25:35+00:00\" \/>\n<meta property=\"og:image\" content=\"http:\/\/www.lesbabasyoga.be\/wp-content\/uploads\/2022\/08\/yoga_pieds-scaled.jpg\" \/>\n\t<meta property=\"og:image:width\" content=\"1696\" \/>\n\t<meta property=\"og:image:height\" content=\"2560\" \/>\n\t<meta property=\"og:image:type\" content=\"image\/jpeg\" \/>\n<meta name=\"twitter:card\" content=\"summary_large_image\" \/>\n<meta name=\"twitter:label1\" content=\"Estimated reading time\" \/>\n\t<meta name=\"twitter:data1\" content=\"2 minutes\" \/>\n<script type=\"application\/ld+json\" class=\"yoast-schema-graph\">{\"@context\":\"https:\\\/\\\/schema.org\",\"@graph\":[{\"@type\":\"WebPage\",\"@id\":\"http:\\\/\\\/www.lesbabasyoga.be\\\/index.php\\\/horaires-et-tarifs\\\/\",\"url\":\"http:\\\/\\\/www.lesbabasyoga.be\\\/index.php\\\/horaires-et-tarifs\\\/\",\"name\":\"Horaires et tarifs - Les Babas Yoga\",\"isPartOf\":{\"@id\":\"http:\\\/\\\/www.lesbabasyoga.be\\\/#website\"},\"primaryImageOfPage\":{\"@id\":\"http:\\\/\\\/www.lesbabasyoga.be\\\/index.php\\\/horaires-et-tarifs\\\/#primaryimage\"},\"image\":{\"@id\":\"http:\\\/\\\/www.lesbabasyoga.be\\\/index.php\\\/horaires-et-tarifs\\\/#primaryimage\"},\"thumbnailUrl\":\"http:\\\/\\\/www.lesbabasyoga.be\\\/wp-content\\\/uploads\\\/2022\\\/08\\\/yoga_pieds-scaled.jpg\",\"datePublished\":\"2022-08-07T15:55:03+00:00\",\"dateModified\":\"2025-11-26T15:25:35+00:00\",\"breadcrumb\":{\"@id\":\"http:\\\/\\\/www.lesbabasyoga.be\\\/index.php\\\/horaires-et-tarifs\\\/#breadcrumb\"},\"inLanguage\":\"en-GB\",\"potentialAction\":[{\"@type\":\"ReadAction\",\"target\":[\"http:\\\/\\\/www.lesbabasyoga.be\\\/index.php\\\/horaires-et-tarifs\\\/\"]}]},{\"@type\":\"ImageObject\",\"inLanguage\":\"en-GB\",\"@id\":\"http:\\\/\\\/www.lesbabasyoga.be\\\/index.php\\\/horaires-et-tarifs\\\/#primaryimage\",\"url\":\"http:\\\/\\\/www.lesbabasyoga.be\\\/wp-content\\\/uploads\\\/2022\\\/08\\\/yoga_pieds-scaled.jpg\",\"contentUrl\":\"http:\\\/\\\/www.lesbabasyoga.be\\\/wp-content\\\/uploads\\\/2022\\\/08\\\/yoga_pieds-scaled.jpg\",\"width\":1696,\"height\":2560},{\"@type\":\"BreadcrumbList\",\"@id\":\"http:\\\/\\\/www.lesbabasyoga.be\\\/index.php\\\/horaires-et-tarifs\\\/#breadcrumb\",\"itemListElement\":[{\"@type\":\"ListItem\",\"position\":1,\"name\":\"Home\",\"item\":\"http:\\\/\\\/www.lesbabasyoga.be\\\/\"},{\"@type\":\"ListItem\",\"position\":2,\"name\":\"Horaires et tarifs\"}]},{\"@type\":\"WebSite\",\"@id\":\"http:\\\/\\\/www.lesbabasyoga.be\\\/#website\",\"url\":\"http:\\\/\\\/www.lesbabasyoga.be\\\/\",\"name\":\"Les Babas Yoga\",\"description\":\"Convivial et professionnel\",\"publisher\":{\"@id\":\"http:\\\/\\\/www.lesbabasyoga.be\\\/#organization\"},\"potentialAction\":[{\"@type\":\"SearchAction\",\"target\":{\"@type\":\"EntryPoint\",\"urlTemplate\":\"http:\\\/\\\/www.lesbabasyoga.be\\\/?s={search_term_string}\"},\"query-input\":{\"@type\":\"PropertyValueSpecification\",\"valueRequired\":true,\"valueName\":\"search_term_string\"}}],\"inLanguage\":\"en-GB\"},{\"@type\":\"Organization\",\"@id\":\"http:\\\/\\\/www.lesbabasyoga.be\\\/#organization\",\"name\":\"Les Babas Yoga: Iyengar Yoga Center\",\"url\":\"http:\\\/\\\/www.lesbabasyoga.be\\\/\",\"logo\":{\"@type\":\"ImageObject\",\"inLanguage\":\"en-GB\",\"@id\":\"http:\\\/\\\/www.lesbabasyoga.be\\\/#\\\/schema\\\/logo\\\/image\\\/\",\"url\":\"http:\\\/\\\/www.lesbabasyoga.be\\\/wp-content\\\/uploads\\\/2022\\\/08\\\/cropped-babayoga.png\",\"contentUrl\":\"http:\\\/\\\/www.lesbabasyoga.be\\\/wp-content\\\/uploads\\\/2022\\\/08\\\/cropped-babayoga.png\",\"width\":515,\"height\":497,\"caption\":\"Les Babas Yoga: Iyengar Yoga Center\"},\"image\":{\"@id\":\"http:\\\/\\\/www.lesbabasyoga.be\\\/#\\\/schema\\\/logo\\\/image\\\/\"},\"sameAs\":[\"https:\\\/\\\/www.facebook.com\\\/lesbabas\"]}]}<\/script>\n<!-- \/ Yoast SEO plugin. -->","yoast_head_json":{"title":"Horaires et tarifs - Les Babas Yoga","robots":{"index":"index","follow":"follow","max-snippet":"max-snippet:-1","max-image-preview":"max-image-preview:large","max-video-preview":"max-video-preview:-1"},"canonical":"http:\/\/www.lesbabasyoga.be\/index.php\/horaires-et-tarifs\/","og_locale":"en_GB","og_type":"article","og_title":"Horaires et tarifs - Les Babas Yoga","og_description":"Voici la grille horaire 2025-2026: Nous voil\u00e0 repartis pour une nouvelle ann\u00e9e de rencontres. Toute l&#8217;\u00e9quipe est plus motiv\u00e9e que jamais \u00e0 d\u00e9velopper une pratique adapt\u00e9e \u00e0 chacun et chacune. Pour tenir compte du feed-back re\u00e7u, nous avons adapt\u00e9 l\u00e9g\u00e8rement les niveaux. Afin de d\u00e9velopper une offre adapt\u00e9e \u00e0 chacun, nous avons diversifi\u00e9 les niveaux [&hellip;]","og_url":"http:\/\/www.lesbabasyoga.be\/index.php\/horaires-et-tarifs\/","og_site_name":"Les Babas Yoga","article_publisher":"https:\/\/www.facebook.com\/lesbabas","article_modified_time":"2025-11-26T15:25:35+00:00","og_image":[{"width":1696,"height":2560,"url":"http:\/\/www.lesbabasyoga.be\/wp-content\/uploads\/2022\/08\/yoga_pieds-scaled.jpg","type":"image\/jpeg"}],"twitter_card":"summary_large_image","twitter_misc":{"Estimated reading time":"2 minutes"},"schema":{"@context":"https:\/\/schema.org","@graph":[{"@type":"WebPage","@id":"http:\/\/www.lesbabasyoga.be\/index.php\/horaires-et-tarifs\/","url":"http:\/\/www.lesbabasyoga.be\/index.php\/horaires-et-tarifs\/","name":"Horaires et tarifs - Les Babas Yoga","isPartOf":{"@id":"http:\/\/www.lesbabasyoga.be\/#website"},"primaryImageOfPage":{"@id":"http:\/\/www.lesbabasyoga.be\/index.php\/horaires-et-tarifs\/#primaryimage"},"image":{"@id":"http:\/\/www.lesbabasyoga.be\/index.php\/horaires-et-tarifs\/#primaryimage"},"thumbnailUrl":"http:\/\/www.lesbabasyoga.be\/wp-content\/uploads\/2022\/08\/yoga_pieds-scaled.jpg","datePublished":"2022-08-07T15:55:03+00:00","dateModified":"2025-11-26T15:25:35+00:00","breadcrumb":{"@id":"http:\/\/www.lesbabasyoga.be\/index.php\/horaires-et-tarifs\/#breadcrumb"},"inLanguage":"en-GB","potentialAction":[{"@type":"ReadAction","target":["http:\/\/www.lesbabasyoga.be\/index.php\/horaires-et-tarifs\/"]}]},{"@type":"ImageObject","inLanguage":"en-GB","@id":"http:\/\/www.lesbabasyoga.be\/index.php\/horaires-et-tarifs\/#primaryimage","url":"http:\/\/www.lesbabasyoga.be\/wp-content\/uploads\/2022\/08\/yoga_pieds-scaled.jpg","contentUrl":"http:\/\/www.lesbabasyoga.be\/wp-content\/uploads\/2022\/08\/yoga_pieds-scaled.jpg","width":1696,"height":2560},{"@type":"BreadcrumbList","@id":"http:\/\/www.lesbabasyoga.be\/index.php\/horaires-et-tarifs\/#breadcrumb","itemListElement":[{"@type":"ListItem","position":1,"name":"Home","item":"http:\/\/www.lesbabasyoga.be\/"},{"@type":"ListItem","position":2,"name":"Horaires et tarifs"}]},{"@type":"WebSite","@id":"http:\/\/www.lesbabasyoga.be\/#website","url":"http:\/\/www.lesbabasyoga.be\/","name":"Les Babas Yoga","description":"Convivial et professionnel","publisher":{"@id":"http:\/\/www.lesbabasyoga.be\/#organization"},"potentialAction":[{"@type":"SearchAction","target":{"@type":"EntryPoint","urlTemplate":"http:\/\/www.lesbabasyoga.be\/?s={search_term_string}"},"query-input":{"@type":"PropertyValueSpecification","valueRequired":true,"valueName":"search_term_string"}}],"inLanguage":"en-GB"},{"@type":"Organization","@id":"http:\/\/www.lesbabasyoga.be\/#organization","name":"Les Babas Yoga: Iyengar Yoga Center","url":"http:\/\/www.lesbabasyoga.be\/","logo":{"@type":"ImageObject","inLanguage":"en-GB","@id":"http:\/\/www.lesbabasyoga.be\/#\/schema\/logo\/image\/","url":"http:\/\/www.lesbabasyoga.be\/wp-content\/uploads\/2022\/08\/cropped-babayoga.png","contentUrl":"http:\/\/www.lesbabasyoga.be\/wp-content\/uploads\/2022\/08\/cropped-babayoga.png","width":515,"height":497,"caption":"Les Babas Yoga: Iyengar Yoga Center"},"image":{"@id":"http:\/\/www.lesbabasyoga.be\/#\/schema\/logo\/image\/"},"sameAs":["https:\/\/www.facebook.com\/lesbabas"]}]}},"jetpack_shortlink":"https:\/\/wp.me\/Petu5j-i","jetpack_sharing_enabled":true,"_links":{"self":[{"href":"http:\/\/www.lesbabasyoga.be\/index.php\/wp-json\/wp\/v2\/pages\/18","targetHints":{"allow":["GET"]}}],"collection":[{"href":"http:\/\/www.lesbabasyoga.be\/index.php\/wp-json\/wp\/v2\/pages"}],"about":[{"href":"http:\/\/www.lesbabasyoga.be\/index.php\/wp-json\/wp\/v2\/types\/page"}],"author":[{"embeddable":true,"href":"http:\/\/www.lesbabasyoga.be\/index.php\/wp-json\/wp\/v2\/users\/1"}],"replies":[{"embeddable":true,"href":"http:\/\/www.lesbabasyoga.be\/index.php\/wp-json\/wp\/v2\/comments?post=18"}],"version-history":[{"count":111,"href":"http:\/\/www.lesbabasyoga.be\/index.php\/wp-json\/wp\/v2\/pages\/18\/revisions"}],"predecessor-version":[{"id":643,"href":"http:\/\/www.lesbabasyoga.be\/index.php\/wp-json\/wp\/v2\/pages\/18\/revisions\/643"}],"wp:featuredmedia":[{"embeddable":true,"href":"http:\/\/www.lesbabasyoga.be\/index.php\/wp-json\/wp\/v2\/media\/85"}],"wp:attachment":[{"href":"http:\/\/www.lesbabasyoga.be\/index.php\/wp-json\/wp\/v2\/media?parent=18"}],"curies":[{"name":"wp","href":"https:\/\/api.w.org\/{rel}","templated":true}]}}